{"id":9,"date":"2024-12-22T00:32:39","date_gmt":"2024-12-22T00:32:39","guid":{"rendered":"https:\/\/gal-dsgh.ro\/leader-2023-2027\/?page_id=9"},"modified":"2025-01-28T19:25:15","modified_gmt":"2025-01-28T19:25:15","slug":"home","status":"publish","type":"page","link":"https:\/\/gal-dsgh.ro\/leader-2023-2027\/","title":{"rendered":"Bun venit!"},"content":{"rendered":"\n<p>Haideti s\u0103 discut\u0103m despre oportunit\u0103\u021bi de finan\u0163are, proiecte viitoare, colabor\u0103ri \u0219i ini\u021biative sociale!<\/p>\n\n\n\n<p>&nbsp;GAL DSGH &nbsp;te a\u015fteapt\u0103 la Primaria Comunei BUTENI,marti, 28 ianuarie 2025, incepand cu orele 10.00, pentru a discuta despre:<\/p>\n\n\n\n<p>\u2022 noua strategie de dezvoltare local\u0103 a GAL DSGH \u0219i oportunit\u0103\u021bile de finan\u021bare din cadrul SDL;<\/p>\n\n\n\n<p>\u2022 proiecte \u0219i ini\u021biative \u00een domeniul non-agricol,mediu,s\u0103n\u0103tate si social,patrimoniu cultural,cooperare,cat si despre posibilit\u0103\u0163ile de dezvoltare ale autorit\u0103\u021bilor publice locale;<\/p>\n\n\n\n<p>Evenimentul este unul important,deoarece in cadrul acestuia&nbsp; veti putea dialoga si cu expertii din cadrul OJFIR ARAD.<\/p>\n\n\n\n<p>&nbsp;Nu rata ocazia de a afla \u015fi \u00een\u0163elege care sunt direc\u021biile de finan\u021bare \u0219i sprijin \u015fi de a-\u0163i \u00eemp\u0103rt\u0103\u015fi ideile cu ceilal\u021bi participan\u021bi.<\/p>\n\n\n\n<p>Detalii organizatorice:<\/p>\n\n\n\n<p>&nbsp;Data: 28.01.2025<\/p>\n\n\n\n<p>&nbsp; \ud83d\uded6 Loca\u021bia: Primaria Comunei BUTENI<\/p>\n\n\n\n<p>&nbsp;\u23f0Orele: 10:00<\/p>\n\n\n\n<p>09.01.2025<\/p>\n\n\n\n<p>ASOCIATIA GRUPUL DE ACTIUNE LOCALA\u201dDEPRESIUNEA SEBIS-GURAHONT-HALMAGIU\u201d<br>Evenimente de animare \u00een teritoriul GAL DSGH-Luna Ianuarie 2025<br>Nr.<br>crt.<br>Localitatea Data Orele<\/p>\n\n\n\n<ol class=\"wp-block-list\">\n<li>Comuna V\u00c2RFURILE-Judetul ARAD 22.01.2025 orele10.00-sediul primariei<\/li>\n\n\n\n<li>Comuna CRI\u0218TIORU DE JOS- Judetul BIHOR 22.01.2025 orele11.30-sediul primariei<\/li>\n\n\n\n<li>Comuna H\u0102LM\u0102GEL-Judetul ARAD 22.01.2025 orele13.00-sediul primariei<\/li>\n\n\n\n<li>Comuna H\u0102LMAGIU- Judetul ARAD 22.01.2025 orele14.30-sediul primariei<\/li>\n\n\n\n<li>Comuna ALMA\u0218-Judetul ARAD 23.01.2025 orele10.00-sediul primariei<\/li>\n\n\n\n<li>Comuna GURAHON\u021a-Judetul ARAD 23.01.2025 orele11.30-sediul primariei<\/li>\n\n\n\n<li>Comuna PLE\u0218CU\u021aA-Judetul ARAD 23.01.2025 orele13.00-sediul primariei<\/li>\n\n\n\n<li>Comuna BRAZII-Judetul ARAD 23.01.2025 orele14.30-sediul primariei<\/li>\n\n\n\n<li>Comuna BUTENI-Judetul ARAD 28.01.2025 orele10.00-sediul primariei<\/li>\n\n\n\n<li>Comuna CHISINDIA-Judetul ARAD 28.01.2025 orele11.30-sediul primariei<\/li>\n\n\n\n<li>Comuna DIECI-Judetul ARAD 28.01.2025 orele13.00-sediul primariei<\/li>\n\n\n\n<li>Comuna DEZNA-Judetul ARAD 28.01.2025 orele14.30-sediul primariei<\/li>\n\n\n\n<li>Comuna C\u0102RAND- Judetul ARAD 29.01.2025 orele10.00-sediul primariei<br>14, Ora\u0219 SEBI\u0218 -Judetul ARAD 29.01.2025 orele11.30-sediul primariei<\/li>\n<\/ol>\n\n\n\n<figure class=\"wp-block-image size-full\"><img loading=\"lazy\" decoding=\"async\" width=\"2560\" height=\"1810\" src=\"https:\/\/gal-dsgh.ro\/leader-2023-2027\/wp-content\/uploads\/2025\/01\/GAL-DSGH-HARTA-ADMINISTRATIVA-1-scaled.jpg\" alt=\"\" class=\"wp-image-195\" srcset=\"https:\/\/gal-dsgh.ro\/leader-2023-2027\/wp-content\/uploads\/2025\/01\/GAL-DSGH-HARTA-ADMINISTRATIVA-1-scaled.jpg 2560w, https:\/\/gal-dsgh.ro\/leader-2023-2027\/wp-content\/uploads\/2025\/01\/GAL-DSGH-HARTA-ADMINISTRATIVA-1-300x212.jpg 300w, https:\/\/gal-dsgh.ro\/leader-2023-2027\/wp-content\/uploads\/2025\/01\/GAL-DSGH-HARTA-ADMINISTRATIVA-1-1024x724.jpg 1024w, https:\/\/gal-dsgh.ro\/leader-2023-2027\/wp-content\/uploads\/2025\/01\/GAL-DSGH-HARTA-ADMINISTRATIVA-1-768x543.jpg 768w, https:\/\/gal-dsgh.ro\/leader-2023-2027\/wp-content\/uploads\/2025\/01\/GAL-DSGH-HARTA-ADMINISTRATIVA-1-1536x1086.jpg 1536w, https:\/\/gal-dsgh.ro\/leader-2023-2027\/wp-content\/uploads\/2025\/01\/GAL-DSGH-HARTA-ADMINISTRATIVA-1-2048x1448.jpg 2048w\" sizes=\"auto, (max-width: 767px) 89vw, (max-width: 1000px) 54vw, (max-width: 1071px) 543px, 580px\" \/><\/figure>\n\n\n\n<p>Pe acest\u0103 platform\u0103 pute\u021bi g\u0103si informa\u021bii \u0219i desc\u0103rca documente despre strategiile de dezvoltare local\u0103, m\u0103suri, apeluri de selec\u021bie, activit\u0103\u021bi curente, arhiva, precum \u0219i datele noastre de contact.<\/p>\n\n\n<form role=\"search\" method=\"get\" action=\"https:\/\/gal-dsgh.ro\/leader-2023-2027\/\" class=\"wp-block-search__button-outside wp-block-search__text-button wp-block-search\"    ><label class=\"wp-block-search__label\" for=\"wp-block-search__input-1\" >Caut\u0103<\/label><div class=\"wp-block-search__inside-wrapper\" ><input class=\"wp-block-search__input\" id=\"wp-block-search__input-1\" placeholder=\"\" value=\"\" type=\"search\" name=\"s\" required \/><button aria-label=\"Caut\u0103\" class=\"wp-block-search__button wp-element-button\" type=\"submit\" >Caut\u0103<\/button><\/div><\/form>\n\n\n<p>Mai jos v\u0103 oferim o list\u0103 cu cele mai noi documente ad\u0103ugate.<\/p>\n\n\n\n<div class=\"wp-block-group\"><div class=\"wp-block-group__inner-container is-layout-constrained wp-block-group-is-layout-constrained\"><div class=\"wp-block-archives-dropdown wp-block-archives\"><label for=\"wp-block-archives-2\" class=\"wp-block-archives__label\">Arhive<\/label>\n\t\t<select id=\"wp-block-archives-2\" name=\"archive-dropdown\">\n\t\t<option value=\"\">Selecteaz\u0103 anul<\/option>\t<option value='https:\/\/gal-dsgh.ro\/leader-2023-2027\/2026\/'> 2026 &nbsp;(25)<\/option>\n\t<option value='https:\/\/gal-dsgh.ro\/leader-2023-2027\/2025\/'> 2025 &nbsp;(33)<\/option>\n\t<option value='https:\/\/gal-dsgh.ro\/leader-2023-2027\/2024\/'> 2024 &nbsp;(1)<\/option>\n<\/select><script>\n( ( [ dropdownId, homeUrl ] ) => {\n\t\tconst dropdown = document.getElementById( dropdownId );\n\t\tfunction onSelectChange() {\n\t\t\tsetTimeout( () => {\n\t\t\t\tif ( 'escape' === dropdown.dataset.lastkey ) {\n\t\t\t\t\treturn;\n\t\t\t\t}\n\t\t\t\tif ( dropdown.value ) {\n\t\t\t\t\tlocation.href = dropdown.value;\n\t\t\t\t}\n\t\t\t}, 250 );\n\t\t}\n\t\tfunction onKeyUp( event ) {\n\t\t\tif ( 'Escape' === event.key ) {\n\t\t\t\tdropdown.dataset.lastkey = 'escape';\n\t\t\t} else {\n\t\t\t\tdelete dropdown.dataset.lastkey;\n\t\t\t}\n\t\t}\n\t\tfunction onClick() {\n\t\t\tdelete dropdown.dataset.lastkey;\n\t\t}\n\t\tdropdown.addEventListener( 'keyup', onKeyUp );\n\t\tdropdown.addEventListener( 'click', onClick );\n\t\tdropdown.addEventListener( 'change', onSelectChange );\n\t} )( [\"wp-block-archives-2\",\"https:\/\/gal-dsgh.ro\/leader-2023-2027\"] );\n\/\/# sourceURL=block_core_archives_build_dropdown_script\n<\/script>\n<\/div><\/div><\/div>\n\n\n\n<p><\/p>\n","protected":false},"excerpt":{"rendered":"<p>Haideti s\u0103 discut\u0103m despre oportunit\u0103\u021bi de finan\u0163are, proiecte viitoare, colabor\u0103ri \u0219i ini\u021biative sociale! &nbsp;GAL DSGH &nbsp;te a\u015fteapt\u0103 la Primaria Comunei BUTENI,marti, 28 ianuarie 2025, incepand cu orele 10.00, pentru a discuta despre: \u2022 noua strategie de dezvoltare local\u0103 a GAL DSGH \u0219i oportunit\u0103\u021bile de finan\u021bare din cadrul SDL; \u2022 proiecte \u0219i ini\u021biative \u00een domeniul non-agricol,mediu,s\u0103n\u0103tate &hellip; <\/p>\n<p class=\"link-more\"><a href=\"https:\/\/gal-dsgh.ro\/leader-2023-2027\/\" class=\"more-link\">Cite\u0219te mai mult >>><span class=\"screen-reader-text\"> &#8222;Bun venit!&#8221;<\/span><\/a><\/p>\n","protected":false},"author":1,"featured_media":0,"parent":0,"menu_order":0,"comment_status":"closed","ping_status":"closed","template":"","meta":{"footnotes":""},"class_list":["post-9","page","type-page","status-publish","hentry"],"_links":{"self":[{"href":"https:\/\/gal-dsgh.ro\/leader-2023-2027\/wp-json\/wp\/v2\/pages\/9","targetHints":{"allow":["GET"]}}],"collection":[{"href":"https:\/\/gal-dsgh.ro\/leader-2023-2027\/wp-json\/wp\/v2\/pages"}],"about":[{"href":"https:\/\/gal-dsgh.ro\/leader-2023-2027\/wp-json\/wp\/v2\/types\/page"}],"author":[{"embeddable":true,"href":"https:\/\/gal-dsgh.ro\/leader-2023-2027\/wp-json\/wp\/v2\/users\/1"}],"replies":[{"embeddable":true,"href":"https:\/\/gal-dsgh.ro\/leader-2023-2027\/wp-json\/wp\/v2\/comments?post=9"}],"version-history":[{"count":11,"href":"https:\/\/gal-dsgh.ro\/leader-2023-2027\/wp-json\/wp\/v2\/pages\/9\/revisions"}],"predecessor-version":[{"id":212,"href":"https:\/\/gal-dsgh.ro\/leader-2023-2027\/wp-json\/wp\/v2\/pages\/9\/revisions\/212"}],"wp:attachment":[{"href":"https:\/\/gal-dsgh.ro\/leader-2023-2027\/wp-json\/wp\/v2\/media?parent=9"}],"curies":[{"name":"wp","href":"https:\/\/api.w.org\/{rel}","templated":true}]}}