{"id":49,"date":"2024-12-24T23:17:36","date_gmt":"2024-12-24T23:17:36","guid":{"rendered":"https:\/\/gal-dsgh.ro\/leader-2023-2027\/?page_id=49"},"modified":"2025-01-08T18:50:28","modified_gmt":"2025-01-08T18:50:28","slug":"teritoriu-gal","status":"publish","type":"page","link":"https:\/\/gal-dsgh.ro\/leader-2023-2027\/prezentare-gal\/teritoriu-gal\/","title":{"rendered":"Teritoriu GAL"},"content":{"rendered":"\n<div class=\"wp-block-file\"><a id=\"wp-block-file--media-bf312bc1-2508-4457-94ec-cfdaa555a415\" href=\"https:\/\/gal-dsgh.ro\/leader-2023-2027\/wp-content\/uploads\/2025\/01\/Teritoriu.docx\">Teritoriu<\/a><a href=\"https:\/\/gal-dsgh.ro\/leader-2023-2027\/wp-content\/uploads\/2025\/01\/Teritoriu.docx\" class=\"wp-block-file__button wp-element-button\" download aria-describedby=\"wp-block-file--media-bf312bc1-2508-4457-94ec-cfdaa555a415\">Descarc\u0103<\/a><\/div>\n\n\n\n<p>Teritoriul acoperit de parteneriatul public-privat al Asocia\u021biei Grupul de Ac\u0163iune Local\u0103 &#8222;Depresiunea Sebi\u0219-Gurahon\u021b-H\u0103lmagiu&#8221; (GAL DSGH) cuprinde 14 localit\u0103\u021bi \u0219i anume: ora\u0219ul SEBI\u0218 \u0219i comunele DEZNA, GURAHON\u021a, H\u0102LMAGIU,H\u0102LM\u0102GEL, PLE\u0218CU\u021aA, V\u00c2RFURILE, CHISINDIA, C\u0102RAND, BUTENI, BRAZII, ALMA\u0218, DIECI toate din jude\u021bul Arad, \u0219i comuna CRI\u0218TIORU DE JOS din jude\u021bul Bihor.<\/p>\n\n\n\n<p>Situat \u00een partea de nord-est a jude\u021bului Arad, teritoriul acoperit de GAL \u201cDepresiunea Sebi\u0219 &#8211; Gurahon\u021b &#8211; H\u0103lmagiu\u201d se desprinde din C\u00e2mpia Cri\u015furilor \u2013 C\u00e2mpia Cermeiului continu\u00e2ndu-se cu depresiunea golf specific\u0103 Mun\u021bilor Apuseni, Depresiunea Z\u0103rand-Gurahon\u021b-H\u0103lmagiu p\u00e2n\u0103 pe V\u00e2rful G\u0103ina din Masivul Bihor.<\/p>\n\n\n\n<p>Sub aspect demografic, popula\u021bia teritoriului Arupul de Ac\u0163iune Local\u0103 &#8222;Depresiunea Sebi\u0219-Gurahon\u021b-H\u0103lmagiu&#8221; (GAL DSGH) este \u00een prezent de 27.774 locuitori, raportat\u0103 la suprafa\u0163a de 1,364,04 km2. Densitatea este de 22,27 locuitori\/ km2.<\/p>\n\n\n\n<p>&nbsp;Pe fiecare localitate, situa\u021bia se prezint\u0103 astfel \u00een ceea ce prive\u0219te popula\u021bia rezident\u0103 \u00een ora\u0219ul Sebi\u0219 \u2013 5,410. \u00cen ceea ce prive\u0219te comunele, popula\u021bia rezident\u0103 se prezint\u0103 astfel: Dezna \u2013 999, Gurahon\u021b \u2013 3.575, H\u0103lmagiu \u2013 2.297, H\u0103lm\u0103gel \u2013 973, Ple\u0219cu\u021ba \u2013 1.008 V\u00e2rfurile \u2013 2.246, Cri\u0219tioru de Jos \u2013 1.154, Chisindia \u2013 1.146, C\u0103rand \u2013 1.017, Buteni \u2013 3.262, Brazii \u2013 1.108, Dieci \u2013 1.388 \u0219i Alma\u0219 \u2013 2.191.&nbsp;&nbsp; Depresiunea Sebi\u0219 &#8211; Gurahon\u021b &#8211; H\u0103lmagiu se remarc\u0103 printr-un fond climatic temperat \u2013 subcontinental cu influen\u021be oceanice \u0219i diferen\u021bieri topoclimatice \u00eensemnate, datorit\u0103 fragment\u0103rii reliefului. Regimul termic se caracterizeaz\u0103 prin sc\u0103derea temperaturii medii anuale \u0219i a fiec\u0103rei luni de la vest spre est \u0219i printr-o varia\u021bie normal\u0103 a mediilor lunare.<\/p>\n\n\n\n<p>\u00cen ceea ce prive\u015fte apele de suprafa\u021b\u0103 din arealul arondat GAL-ului nostru, prin caracteristicile hidrologice \u0219i pozi\u021bia fa\u021b\u0103 de arcul carpatic, r\u00e2urile din regiune se \u00eencadreaz\u0103 \u00een grupa de vest \u0219i fac parte din sistemul hidrografic al Cri\u015furilor. Colectorul principal este Cri\u015ful Alb prin intermediul c\u0103ruia se dreneaz\u0103 cea mai mare parte a regiunii, \u00eentregul sistem av\u00e2nd orientare general\u0103 est-vest, dictat\u0103 de c\u0103tre c\u0103derea reliefului \u00een acela\u0219i sens. \u00cen cuprinsul zonei depresionare men\u021bionate se disting r\u00e2uri alohtone \u0219i r\u00e2uri autohtone. Pe teritoriul comunelor exist\u0103 numeroase cursuri de ap\u0103 de suprafa\u021b\u0103, v\u0103i, p\u00e2r\u00e2ie ce deverseaz\u0103 \u00een Cri\u0219ul Alb care str\u0103bate teritoriul \u00een zona estic\u0103, dinspre sud c\u0103tre nord.<\/p>\n\n\n\n<p>\u00cen str\u00e2ns\u0103 dependen\u021b\u0103 de condi\u021biile naturale s-a dezvoltat \u0219i \u00eenveli\u0219ul de soluri al regiunii, astfel \u00eent\u00e2lnindu-se argiluvisoluri, soluri aluvionale, soluri silvestre etc. \u00cen zona teritoriului administrativ predomin\u0103 o \u00eentindere a solurilor cu fertilitate medie, chiar ridicat\u0103, \u00een albia major\u0103 a Cri\u0219ului Alb, ceea ce face ca fondul funciar s\u0103 fie apreciabil.<\/p>\n\n\n\n<p>Pe teritoriul GAL-ului nostru se g\u0103sesc at\u00e2t situri de importan\u021b\u0103 comunitar\u0103, c\u00e2t \u0219i arii de protec\u021bie special\u0103 avifaunistic\u0103. Enumer\u0103m, aceste zone Natura 2000, precum \u0219i UAT-urile pe teritoriile c\u0103rora se \u00eent\u00e2lnesc: Codru Moma ROSCI0042 \u2013 localitatea Dezna; Platoul Va\u015fc\u0103u ROSCI0200 \u2013 localitatea Cri\u0219tioru de Jos; Coridorul Drocea &#8211; Codru Moma ROSCI0289 \u2013 localit\u0103\u021bile&nbsp; Buteni, Dezna, Dieci, Sebi\u0219; Coridorul Mun\u021bii Bihorului &#8211; Codru Moma ROSCI0291 \u2013 localit\u0103\u021bile Dezna, Dieci, Gurahon\u021b, V\u00e2rfurile, Cri\u0219tioru de Jos; Cri\u0219ul Alb \u00eentre Gurahon\u021b \u0219i Ineu ROSCI0294 \u2013 localit\u0103\u021bile Alma\u0219, Buteni, Dieci, Gurahon\u021b, Sebi\u0219; Dealul Mocrei &#8211; Rovina \u2013 Ineu ROSCI0218 \u2013 localit\u0103\u021bile Buteni, Chisindia; Defileul Cri\u0219ului Alb ROSCI0298 \u2013 localit\u0103\u021bile Dezna, Dieci, Gurahon\u021b, H\u0103lmagiu, Ple\u0219cu\u021ba, V\u00e2rfurile; Drocea ROSCI0070 \u2013 localit\u0103\u021bile Alma\u0219, Brazii, Buteni, Chisindia, Gurahon\u021b; Mun\u021bii Bihor ROSCI0324 \u2013 localit\u0103\u021bile H\u0103lm\u0103gel, H\u0103lmagiu, V\u00e2rfurile, Cri\u0219tioru de Jos; Z\u0103randul de Est ROSCI0406 \u2013 localit\u0103\u021bile Brazii, Gurahon\u021b; Z\u0103randul de Vest ROSCI0407 &#8211; localitatea Chisindia;Valea Cepelor \u2013 localitatea Cri\u0219tioru de Jos; C\u00e2mpia Cermeiului ROSPA0014 \u2013 localit\u0103\u021bile C\u0103rand, Sebi\u0219; Drocea \u2013 Z\u0103rand ROSPA0117 \u2013 localit\u0103\u021bile Alma\u0219, Brazii, Buteni, Chisindia, Gurahon\u021b.<\/p>\n\n\n\n<p>Toate UAT-urile din microregiune sunt cuprinse \u00een anexa 5 zone HNV (Alma\u0219, Brazii, Buteni,C\u0103rand, Chisindia, Cri\u0219tioru de Jos, Dezna, Dieci, Gurahon\u021b, H\u0103lmagiu, H\u0103lm\u0103gel, Ple\u0219cu\u021ba, Sebi\u0219, V\u00eerfurile).&nbsp;<\/p>\n\n\n\n<p>&nbsp;\u201cDepresiunea Sebi\u0219-Gurahon\u021b-H\u0103lmagiu\u201d abund\u0103 \u00een obiective de patrimoniu cultural \u0219i arhitectural, cu un poten\u021bial excep\u021bional de valorificare pentru dezvoltarea economic\u0103 \u0219i cultural\u0103 a zonei. G\u0103sim situri arheologice dacice, daco-romane, biserici \u0219i m\u0103n\u0103stiri \u00eencep\u00e2nd cu secolul XIV, edificii cu valoare istoric\u0103, troi\u021be ce comemoreaz\u0103 marile evenimente istorice ale locului \u0219i personalit\u0103\u021bi locale. Se g\u0103sesc de asemenea biserici de rit diferit cu arhitectura reprezentativ\u0103, vechi biserici ortodoxe din lemn cu picturi murale deosebite declarate ca monumente istorice, majoritatea \u00een stil bizantin-baroc, ruinele unor castele, cet\u0103\u021bi, hanuri vechi. Multe dintre acestea sunt, \u00eens\u0103, deteriorate, necesint\u00e2nd lucr\u0103ri de restaurare. Promovarea activ\u0103 \u0219i includerea \u00een circuite turistice a obiectivelor turistice din comunitate trebuie \u00eencurajate \u0219i sprijinite.<\/p>\n\n\n\n<p>La nivelul comunelor activeaz\u0103 o serie de agen\u021bi economici de dimensiuni mici \u015fi mijlocii, \u00eencadra\u021bi \u00een sfera IMM \u2013urilor, av\u00e2nd capacitate financiar\u0103 \u0219i patrimonial\u0103 redus\u0103.<\/p>\n\n\n\n<p>&nbsp;Industria este foarte slab reprezentat\u0103, \u00een regiune func\u021bion\u00e2nd doar c\u00e2teva obiective de acest fel. Slaba dezvoltare din punct de vedere industrial a zonei \u00een ansamblu determin\u0103 un amplu fenomen migra\u021bional al popula\u021biei active spre zone mai industrializate, precum \u015fi navetism.<\/p>\n\n\n\n<p>Unit\u0103\u021bile economice din comune au ca \u015fi obiecte de activitate predominante: exploatarea lemnului, agricultura, construc\u021biile \u015fi industria alimentar\u0103. De asemenea exist\u0103 persoane fizice autorizate care lucreaz\u0103 \u00een diferite domenii: t\u00e2mpl\u0103rii, croitorii, frizerii, piel\u0103rii, prest\u0103ri servicii \u00een agricultur\u0103, diferite repara\u021bii, etc.&nbsp; Me\u0219te\u0219ugurile care sunt \u00eenc\u0103 practicate \u00een zon\u0103 sunt cojoc\u0103ritul, confec\u021bionarea de harna\u0219amente, \u021bes\u0103toria \u015fi broderia, prelucrarea lemnului.<\/p>\n\n\n\n<p>Cu toate c\u0103 teritoriul acoperit de GAL are un poten\u021bial turistic extrem de ridicat, turismul local nu este promovat suficient pentru a putea reprezenta o surs\u0103 de atragere a fondurilor \u0219i a crea noi locuri de munc\u0103. Posibile cauze pentru problema enun\u021bat\u0103 sunt: lipsa cuno\u0219tin\u021belor de specialitate \u00een domeniului turismului, agroturismului, turismului rural, spiritul antreprenorial slab dezvoltat, nerecunoa\u015fterea \u015fi neaprecierea resurselor locale. <a><\/a><\/p>\n\n\n\n<p>&nbsp;Se remarc\u0103 existen\u021ba a numeroase c\u0103mine culturale \u00een zon\u0103, cele mai multe \u00een stare bun\u0103 de func\u021bionare, fapt care dovede\u0219te interesul localnicilor pentru conservarea unui spa\u021biu tradi\u021bional \u00een care se pot derula evenimente de impact, se pot promova tradi\u021bii \u0219i obiceiuri, inclusiv ale minorit\u0103\u021bilor etnice din zon\u0103 care au nevoie de \u00eencurajarea \u0219i sprijinul popula\u021biei etnice majoritare \u00een a-\u0219i promova \u0219i valoriza identitatea cultural\u0103 \u0219i etnic\u0103.<\/p>\n\n\n\n<p>Serviciile de baz\u0103 pentru popula\u021bie exist\u0103 \u00een microregiune, \u00eens\u0103 r\u0103spund doar \u00een mic\u0103 m\u0103sur\u0103 nevoilor popula\u021biei. Infrastructura educa\u021bional\u0103 este reprezentat\u0103 de 16 unit\u0103\u021bi de \u00eenv\u0103\u021b\u0103m\u00e2nt (conform datelor INS), considerat\u0103 de localnici ca insuficient\u0103 pentru a r\u0103spunde nevoilor sau prezent\u00e2nd condi\u021bii precare de participare la activit\u0103\u021bile \u0219colare, extra\u0219colare \u0219i extracurriculare organizate. \u00cen regiune nu exist\u0103 nicio structur\u0103 de tip after school.<\/p>\n\n\n\n<p>\u00cen privin\u021ba serviciilor medicale disponibile, se poate observa faptul c\u0103 re\u021beaua de unit\u0103\u021bi medicale a fost restructurat\u0103 \u00een ultimii ani ca urmare a desfiin\u021b\u0103rii unor dispensare medicale de stat sau policlinici \u0219i \u00eenfiin\u021b\u0103rii de cabinete medicale sau farmacii preponderent&nbsp; private. Infrastructura medical\u0103 cuprinde: 1 spital, 1 ambulatoriu integrat spitalului, 1 dispensar medical, 1 cabinet medical \u0219colar, 22 cabinete medicale de familie proprietate public\u0103, 5 cabinete medicale de familie proprietate privat\u0103, 17 cabinete stomatologice proprietate privat\u0103, 8 cabinete medicale de specialitate proprietate privat\u0103, 1&nbsp; farmacie proprietate public\u0103, 12 farmacii proprietate privat\u0103, 3 laboratoare medicale, 3 laboratoare de tehnica dentara. Se constat\u0103 lipsa unui centru multifunc\u021bional de servicii sociale \u0219i medicale, dispensare insuficiente \u0219i nemodernizate, tratament \u00een ambulatoriu aproape inexistent, dificult\u0103\u021bi privind accesul la medicamente \u0219i tratament \u00een multe dintre satele regiunii.<\/p>\n\n\n\n<p>Serviciile sociale sunt deficitare, acestea reduc\u00e2ndu-se la serviciile din cadrul departamentelor specializate la nivelul prim\u0103riilor \u0219i la nivelul direc\u021biei jude\u021bene pentru asisten\u021b\u0103 social\u0103. Migra\u021bia for\u021bei de munc\u0103 poate cauza cre\u0219terea num\u0103rului de persoane aflate \u00een situa\u021bie de risc \u0219i care necesit\u0103 servicii sociale, \u00een special \u00een r\u00e2ndul grupurilor dezavantajate.<\/p>\n\n\n\n<p>Teritoriul acoperit de GAL-ul nostru de\u021bine premizele necesare dezvolt\u0103rii serviciilor de turism rural de agrement \u0219i sportiv, exist\u0103 posibilitatea amenaj\u0103rii unor spa\u021bii de picnic, spa\u021bii pentru practicarea sporturilor, parcuri tematice, bazine de tratament cu ape termale. Cu toate acestea, infrastructura de agrement este insuficient\u0103 pentru popula\u021bie \u0219i mai ales pentru poten\u021bialul turistic de dezvoltare a zonei.<\/p>\n","protected":false},"excerpt":{"rendered":"<p>Teritoriul acoperit de parteneriatul public-privat al Asocia\u021biei Grupul de Ac\u0163iune Local\u0103 &#8222;Depresiunea Sebi\u0219-Gurahon\u021b-H\u0103lmagiu&#8221; (GAL DSGH) cuprinde 14 localit\u0103\u021bi \u0219i anume: ora\u0219ul SEBI\u0218 \u0219i comunele DEZNA, GURAHON\u021a, H\u0102LMAGIU,H\u0102LM\u0102GEL, PLE\u0218CU\u021aA, V\u00c2RFURILE, CHISINDIA, C\u0102RAND, BUTENI, BRAZII, ALMA\u0218, DIECI toate din jude\u021bul Arad, \u0219i comuna CRI\u0218TIORU DE JOS din jude\u021bul Bihor. Situat \u00een partea de nord-est a jude\u021bului Arad, &hellip; <\/p>\n<p class=\"link-more\"><a href=\"https:\/\/gal-dsgh.ro\/leader-2023-2027\/prezentare-gal\/teritoriu-gal\/\" class=\"more-link\">Cite\u0219te mai mult >>><span class=\"screen-reader-text\"> &#8222;Teritoriu GAL&#8221;<\/span><\/a><\/p>\n","protected":false},"author":1,"featured_media":0,"parent":30,"menu_order":0,"comment_status":"closed","ping_status":"closed","template":"","meta":{"footnotes":""},"class_list":["post-49","page","type-page","status-publish","hentry"],"_links":{"self":[{"href":"https:\/\/gal-dsgh.ro\/leader-2023-2027\/wp-json\/wp\/v2\/pages\/49","targetHints":{"allow":["GET"]}}],"collection":[{"href":"https:\/\/gal-dsgh.ro\/leader-2023-2027\/wp-json\/wp\/v2\/pages"}],"about":[{"href":"https:\/\/gal-dsgh.ro\/leader-2023-2027\/wp-json\/wp\/v2\/types\/page"}],"author":[{"embeddable":true,"href":"https:\/\/gal-dsgh.ro\/leader-2023-2027\/wp-json\/wp\/v2\/users\/1"}],"replies":[{"embeddable":true,"href":"https:\/\/gal-dsgh.ro\/leader-2023-2027\/wp-json\/wp\/v2\/comments?post=49"}],"version-history":[{"count":3,"href":"https:\/\/gal-dsgh.ro\/leader-2023-2027\/wp-json\/wp\/v2\/pages\/49\/revisions"}],"predecessor-version":[{"id":162,"href":"https:\/\/gal-dsgh.ro\/leader-2023-2027\/wp-json\/wp\/v2\/pages\/49\/revisions\/162"}],"up":[{"embeddable":true,"href":"https:\/\/gal-dsgh.ro\/leader-2023-2027\/wp-json\/wp\/v2\/pages\/30"}],"wp:attachment":[{"href":"https:\/\/gal-dsgh.ro\/leader-2023-2027\/wp-json\/wp\/v2\/media?parent=49"}],"curies":[{"name":"wp","href":"https:\/\/api.w.org\/{rel}","templated":true}]}}