{"id":110,"date":"2024-12-24T23:31:51","date_gmt":"2024-12-24T23:31:51","guid":{"rendered":"https:\/\/gal-dsgh.ro\/leader-2023-2027\/?page_id=110"},"modified":"2025-01-16T17:31:36","modified_gmt":"2025-01-16T17:31:36","slug":"contact","status":"publish","type":"page","link":"https:\/\/gal-dsgh.ro\/leader-2023-2027\/contact\/","title":{"rendered":"Contact"},"content":{"rendered":"\n<p class=\"has-medium-font-size\">Telefon: <strong> 0793-601-181;        0740-818-487<\/strong><\/p>\n\n\n\n<p class=\"has-medium-font-size\"><strong> E-mail             office@gal-dsgh.ro ;        <br> Manager      GAL: TODOCA FLORIN<\/strong><\/p>\n\n\n\n<p><strong>Program cu publicul<br>Luni &#8211; Vineri : 13:00 &#8211; 17:00\ud83d\udd13<br>S\u00e2mb\u0103t\u0103 &#8211; Duminic\u0103 : \u00cenchis\ud83d\udd12<\/strong><\/p>\n\n\n\n<p><strong>Asocia\u021bia Grupul de Ac\u021biune Local\u0103<\/strong><br><strong>\u201eDepresiunea Sebi\u0219-Gurahon\u021b-H\u0103lmagiu\u201d<\/strong><br>ora\u0219 Sebi\u0219, str. Roman\u0103, nr. 4\/a<br>CP: 315700<br>jud. Arad, Rom\u00e2nia<\/p>\n\n\n\n<p><a href=\"https:\/\/www.google.com\/maps\/place\/Strada+Roman%C4%83,+Sebi%C8%99+315700\/@46.373621,22.130295,16z\/data=!4m5!3m4!1s0x474f5aa99452e4bb:0xeea5cb8578a20e8f!8m2!3d46.373621!4d22.1302951?hl=ro\" target=\"_blank\" rel=\"noreferrer noopener\">Vezi pe hart\u0103<\/a><\/p>\n\n\n\n<div class=\"wp-block-buttons is-layout-flex wp-block-buttons-is-layout-flex\">\n<div class=\"wp-block-button is-style-fill\"><a class=\"wp-block-button__link has-vivid-cyan-blue-background-color has-background wp-element-button\" href=\"https:\/\/www.facebook.com\/profile.php?id=61570924072849\">Facebook<\/a><\/div>\n<\/div>\n\n\n\n<p><\/p>\n","protected":false},"excerpt":{"rendered":"<p>Telefon: 0793-601-181; 0740-818-487 E-mail office@gal-dsgh.ro ; Manager GAL: TODOCA FLORIN Program cu publiculLuni &#8211; Vineri : 13:00 &#8211; 17:00\ud83d\udd13S\u00e2mb\u0103t\u0103 &#8211; Duminic\u0103 : \u00cenchis\ud83d\udd12 Asocia\u021bia Grupul de Ac\u021biune Local\u0103\u201eDepresiunea Sebi\u0219-Gurahon\u021b-H\u0103lmagiu\u201dora\u0219 Sebi\u0219, str. Roman\u0103, nr. 4\/aCP: 315700jud. Arad, Rom\u00e2nia Vezi pe hart\u0103<\/p>\n","protected":false},"author":1,"featured_media":121,"parent":0,"menu_order":0,"comment_status":"closed","ping_status":"closed","template":"","meta":{"footnotes":""},"class_list":["post-110","page","type-page","status-publish","has-post-thumbnail","hentry"],"_links":{"self":[{"href":"https:\/\/gal-dsgh.ro\/leader-2023-2027\/wp-json\/wp\/v2\/pages\/110","targetHints":{"allow":["GET"]}}],"collection":[{"href":"https:\/\/gal-dsgh.ro\/leader-2023-2027\/wp-json\/wp\/v2\/pages"}],"about":[{"href":"https:\/\/gal-dsgh.ro\/leader-2023-2027\/wp-json\/wp\/v2\/types\/page"}],"author":[{"embeddable":true,"href":"https:\/\/gal-dsgh.ro\/leader-2023-2027\/wp-json\/wp\/v2\/users\/1"}],"replies":[{"embeddable":true,"href":"https:\/\/gal-dsgh.ro\/leader-2023-2027\/wp-json\/wp\/v2\/comments?post=110"}],"version-history":[{"count":16,"href":"https:\/\/gal-dsgh.ro\/leader-2023-2027\/wp-json\/wp\/v2\/pages\/110\/revisions"}],"predecessor-version":[{"id":208,"href":"https:\/\/gal-dsgh.ro\/leader-2023-2027\/wp-json\/wp\/v2\/pages\/110\/revisions\/208"}],"wp:featuredmedia":[{"embeddable":true,"href":"https:\/\/gal-dsgh.ro\/leader-2023-2027\/wp-json\/wp\/v2\/media\/121"}],"wp:attachment":[{"href":"https:\/\/gal-dsgh.ro\/leader-2023-2027\/wp-json\/wp\/v2\/media?parent=110"}],"curies":[{"name":"wp","href":"https:\/\/api.w.org\/{rel}","templated":true}]}}