{"id":13,"date":"2021-04-17T19:57:04","date_gmt":"2021-04-17T19:57:04","guid":{"rendered":"https:\/\/gal-dsgh.ro\/leader-2014-2020\/?page_id=13"},"modified":"2025-01-11T16:29:41","modified_gmt":"2025-01-11T13:29:41","slug":"home","status":"publish","type":"page","link":"https:\/\/gal-dsgh.ro\/leader-2014-2020\/","title":{"rendered":"Bun venit!"},"content":{"rendered":"\n<p>Pe acest\u0103 platform\u0103 pute\u021bi g\u0103si informa\u021bii \u0219i desc\u0103rca documente despre strategiile de dezvoltare local\u0103, m\u0103suri, apeluri de selec\u021bie, activit\u0103\u021bi curente, arhiva, precum \u0219i datele noastre de contact.<\/p>\n\n\n<form role=\"search\" method=\"get\" action=\"https:\/\/gal-dsgh.ro\/leader-2014-2020\/\" class=\"wp-block-search__button-outside wp-block-search__text-button margin-bottom-30 wp-block-search\"    ><label class=\"wp-block-search__label\" for=\"wp-block-search__input-1\" >Caut\u0103 \u00een site<\/label><div class=\"wp-block-search__inside-wrapper\" ><input class=\"wp-block-search__input\" id=\"wp-block-search__input-1\" placeholder=\"\" value=\"\" type=\"search\" name=\"s\" required \/><button aria-label=\"Caut\u0103\" class=\"wp-block-search__button wp-element-button\" type=\"submit\" >Caut\u0103<\/button><\/div><\/form>\n\n\n<div class=\"wp-block-group\"><div class=\"wp-block-group__inner-container is-layout-flow wp-block-group-is-layout-flow\"><div class=\"wp-block-archives-dropdown alignleft full-width wp-block-archives\"><label for=\"wp-block-archives-2\" class=\"wp-block-archives__label\">Arhive<\/label>\n\t\t<select id=\"wp-block-archives-2\" name=\"archive-dropdown\">\n\t\t<option value=\"\">Selecteaz\u0103 anul<\/option>\t<option value='https:\/\/gal-dsgh.ro\/leader-2014-2020\/2025\/'> 2025 &nbsp;(6)<\/option>\n\t<option value='https:\/\/gal-dsgh.ro\/leader-2014-2020\/2024\/'> 2024 &nbsp;(41)<\/option>\n\t<option value='https:\/\/gal-dsgh.ro\/leader-2014-2020\/2023\/'> 2023 &nbsp;(38)<\/option>\n\t<option value='https:\/\/gal-dsgh.ro\/leader-2014-2020\/2022\/'> 2022 &nbsp;(11)<\/option>\n\t<option value='https:\/\/gal-dsgh.ro\/leader-2014-2020\/2021\/'> 2021 &nbsp;(51)<\/option>\n\t<option value='https:\/\/gal-dsgh.ro\/leader-2014-2020\/2020\/'> 2020 &nbsp;(12)<\/option>\n\t<option value='https:\/\/gal-dsgh.ro\/leader-2014-2020\/2019\/'> 2019 &nbsp;(96)<\/option>\n\t<option value='https:\/\/gal-dsgh.ro\/leader-2014-2020\/2018\/'> 2018 &nbsp;(44)<\/option>\n\t<option value='https:\/\/gal-dsgh.ro\/leader-2014-2020\/2017\/'> 2017 &nbsp;(3)<\/option>\n<\/select><script>\n( ( [ dropdownId, homeUrl ] ) => {\n\t\tconst dropdown = document.getElementById( dropdownId );\n\t\tfunction onSelectChange() {\n\t\t\tsetTimeout( () => {\n\t\t\t\tif ( 'escape' === dropdown.dataset.lastkey ) {\n\t\t\t\t\treturn;\n\t\t\t\t}\n\t\t\t\tif ( dropdown.value ) {\n\t\t\t\t\tlocation.href = dropdown.value;\n\t\t\t\t}\n\t\t\t}, 250 );\n\t\t}\n\t\tfunction onKeyUp( event ) {\n\t\t\tif ( 'Escape' === event.key ) {\n\t\t\t\tdropdown.dataset.lastkey = 'escape';\n\t\t\t} else {\n\t\t\t\tdelete dropdown.dataset.lastkey;\n\t\t\t}\n\t\t}\n\t\tfunction onClick() {\n\t\t\tdelete dropdown.dataset.lastkey;\n\t\t}\n\t\tdropdown.addEventListener( 'keyup', onKeyUp );\n\t\tdropdown.addEventListener( 'click', onClick );\n\t\tdropdown.addEventListener( 'change', onSelectChange );\n\t} )( [\"wp-block-archives-2\",\"https:\/\/gal-dsgh.ro\/leader-2014-2020\"] );\n\/\/# sourceURL=block_core_archives_build_dropdown_script\n<\/script>\n<\/div><\/div><\/div>\n\n\n\n<p><\/p>\n\n\n\n<p><\/p>\n\n\n\n<p>Mai jos v\u0103 oferim o list\u0103 cu cele mai noi documente ad\u0103ugate.<\/p>\n","protected":false},"excerpt":{"rendered":"<p>Pe acest\u0103 platform\u0103 pute\u021bi g\u0103si informa\u021bii \u0219i desc\u0103rca documente despre strategiile de dezvoltare local\u0103, m\u0103suri, apeluri de selec\u021bie, activit\u0103\u021bi curente, arhiva, precum \u0219i datele noastre de contact. Mai jos v\u0103 oferim o list\u0103 cu cele mai noi documente ad\u0103ugate.<\/p>\n","protected":false},"author":1,"featured_media":0,"parent":0,"menu_order":0,"comment_status":"closed","ping_status":"closed","template":"","meta":{"footnotes":""},"class_list":["post-13","page","type-page","status-publish","hentry"],"_links":{"self":[{"href":"https:\/\/gal-dsgh.ro\/leader-2014-2020\/wp-json\/wp\/v2\/pages\/13","targetHints":{"allow":["GET"]}}],"collection":[{"href":"https:\/\/gal-dsgh.ro\/leader-2014-2020\/wp-json\/wp\/v2\/pages"}],"about":[{"href":"https:\/\/gal-dsgh.ro\/leader-2014-2020\/wp-json\/wp\/v2\/types\/page"}],"author":[{"embeddable":true,"href":"https:\/\/gal-dsgh.ro\/leader-2014-2020\/wp-json\/wp\/v2\/users\/1"}],"replies":[{"embeddable":true,"href":"https:\/\/gal-dsgh.ro\/leader-2014-2020\/wp-json\/wp\/v2\/comments?post=13"}],"version-history":[{"count":30,"href":"https:\/\/gal-dsgh.ro\/leader-2014-2020\/wp-json\/wp\/v2\/pages\/13\/revisions"}],"predecessor-version":[{"id":2231,"href":"https:\/\/gal-dsgh.ro\/leader-2014-2020\/wp-json\/wp\/v2\/pages\/13\/revisions\/2231"}],"wp:attachment":[{"href":"https:\/\/gal-dsgh.ro\/leader-2014-2020\/wp-json\/wp\/v2\/media?parent=13"}],"curies":[{"name":"wp","href":"https:\/\/api.w.org\/{rel}","templated":true}]}}